{"id":12,"date":"2018-05-09T14:47:26","date_gmt":"2018-05-09T11:47:26","guid":{"rendered":"http:\/\/www.makeamedia.fi\/top2018\/samulijaakola\/top18suku\/?page_id=5"},"modified":"2025-04-15T12:00:45","modified_gmt":"2025-04-15T10:00:45","slug":"etusivu","status":"publish","type":"page","link":"https:\/\/www.jaakolasukuseura.fi\/","title":{"rendered":"Etusivu"},"content":{"rendered":"<div id=\"pl-12\"  class=\"panel-layout\" ><div id=\"pg-12-0\"  class=\"panel-grid panel-no-style\" ><div id=\"pgc-12-0-0\"  class=\"panel-grid-cell\" ><div id=\"panel-12-0-0-0\" class=\"so-panel widget widget_sow-icon panel-first-child panel-last-child\" data-index=\"0\" ><div\n\t\t\t\n\t\t\tclass=\"so-widget-sow-icon so-widget-sow-icon-default-8a11ba5408f0-12\"\n\t\t\t\n\t\t>\n<div class=\"sow-icon-container sow-icon\">\n\t\t\t<span class=\"sow-icon-fontawesome sow-fas\" data-sow-icon=\"&#xf10d;\"\n\t\t \n\t\taria-hidden=\"true\"><\/span>\t<\/div>\n<\/div><\/div><\/div><div id=\"pgc-12-0-1\"  class=\"panel-grid-cell panel-grid-cell-mobile-last\" ><div id=\"panel-12-0-1-0\" class=\"so-panel widget widget_sow-editor panel-first-child panel-last-child\" data-index=\"1\" ><div\n\t\t\t\n\t\t\tclass=\"so-widget-sow-editor so-widget-sow-editor-base\"\n\t\t\t\n\t\t>\n<div class=\"siteorigin-widget-tinymce textwidget\">\n\t<blockquote><p>\u201c Suku on ollut olemassa ennen meit\u00e4. Me olemme yksi oksa yhteisess\u00e4 puussa, johon seuraava sukupolvi kiinnittyy. Rakentakaamme oma oksamme riitt\u00e4v\u00e4n lujasti kiinni, jotta saamme siit\u00e4 itse voimaa ja tukea. Antakaamme seuraavien silmujen kasvaa samaan yhteyteen. \u201c<\/p><\/blockquote>\n<p>Lainaus Matti Jaakolan juhlapuheesta vuoden 1999 sukujuhlassa.<\/p>\n<\/div>\n<\/div><\/div><\/div><div id=\"pgc-12-0-2\"  class=\"panel-grid-cell panel-grid-cell-empty\" ><\/div><\/div><div id=\"pg-12-1\"  class=\"panel-grid panel-no-style\" ><div id=\"pgc-12-1-0\"  class=\"panel-grid-cell\" ><\/div><\/div><div id=\"pg-12-2\"  class=\"panel-grid panel-no-style\" ><div id=\"pgc-12-2-0\"  class=\"panel-grid-cell panel-grid-cell-empty\" ><\/div><div id=\"pgc-12-2-1\"  class=\"panel-grid-cell panel-grid-cell-mobile-last\" ><div id=\"panel-12-2-1-0\" class=\"so-panel widget widget_sow-editor panel-first-child panel-last-child\" data-index=\"3\" ><div\n\t\t\t\n\t\t\tclass=\"so-widget-sow-editor so-widget-sow-editor-base\"\n\t\t\t\n\t\t>\n<div class=\"siteorigin-widget-tinymce textwidget\">\n\t<p>Jaakola-Sukuseura ry on perustettu v. 1963 Ylivieskassa tarkoituksenaan pit\u00e4\u00e4 yhteytt\u00e4 suvun eri sukuhaarojen kesken ja vaalia niit\u00e4 arvokkaita henkisi\u00e4 perinteit\u00e4, jotka kantais\u00e4 Juho Jaakola on suvulleen j\u00e4tt\u00e4nyt.<br \/>\nSukujuhlia on j\u00e4rjestetty vuosina 1989, 1999, 2004, 2010, 2015 ja 2021. Seuraavat juhlat on tarkoitus j\u00e4rjest\u00e4\u00e4 v. 2025.<\/p>\n<\/div>\n<\/div><\/div><\/div><div id=\"pgc-12-2-2\"  class=\"panel-grid-cell panel-grid-cell-empty\" ><\/div><\/div><\/div>","protected":false},"excerpt":{"rendered":"<p>\u201c Suku on ollut olemassa ennen meit\u00e4. Me olemme yksi oksa yhteisess\u00e4 puussa, johon seuraava sukupolvi kiinnittyy. Rakentakaamme oma oksamme riitt\u00e4v\u00e4n lujasti kiinni, jotta saamme siit\u00e4 itse voimaa ja tukea. Antakaamme seuraavien silmujen kasvaa samaan yhteyteen. \u201c Lainaus Matti Jaakolan juhlapuheesta vuoden 1999 sukujuhlassa.<\/p>\n","protected":false},"author":2,"featured_media":0,"parent":0,"menu_order":0,"comment_status":"closed","ping_status":"closed","template":"","meta":{"footnotes":""},"class_list":["post-12","page","type-page","status-publish","hentry"],"_links":{"self":[{"href":"https:\/\/www.jaakolasukuseura.fi\/index.php?rest_route=\/wp\/v2\/pages\/12","targetHints":{"allow":["GET"]}}],"collection":[{"href":"https:\/\/www.jaakolasukuseura.fi\/index.php?rest_route=\/wp\/v2\/pages"}],"about":[{"href":"https:\/\/www.jaakolasukuseura.fi\/index.php?rest_route=\/wp\/v2\/types\/page"}],"author":[{"embeddable":true,"href":"https:\/\/www.jaakolasukuseura.fi\/index.php?rest_route=\/wp\/v2\/users\/2"}],"replies":[{"embeddable":true,"href":"https:\/\/www.jaakolasukuseura.fi\/index.php?rest_route=%2Fwp%2Fv2%2Fcomments&post=12"}],"version-history":[{"count":8,"href":"https:\/\/www.jaakolasukuseura.fi\/index.php?rest_route=\/wp\/v2\/pages\/12\/revisions"}],"predecessor-version":[{"id":579,"href":"https:\/\/www.jaakolasukuseura.fi\/index.php?rest_route=\/wp\/v2\/pages\/12\/revisions\/579"}],"wp:attachment":[{"href":"https:\/\/www.jaakolasukuseura.fi\/index.php?rest_route=%2Fwp%2Fv2%2Fmedia&parent=12"}],"curies":[{"name":"wp","href":"https:\/\/api.w.org\/{rel}","templated":true}]}}